{"id":962,"date":"2024-06-14T15:15:20","date_gmt":"2024-06-14T13:15:20","guid":{"rendered":"https:\/\/heriose.com\/mentions-legales\/"},"modified":"2024-10-15T12:22:32","modified_gmt":"2024-10-15T10:22:32","slug":"mentions-legales","status":"publish","type":"page","link":"https:\/\/heriose.com\/en\/mentions-legales\/","title":{"rendered":"Legal notice"},"content":{"rendered":"<div class=\"flex max-w-full flex-col flex-grow\">\n<div class=\"min-h-8 text-message flex w-full flex-col items-end gap-2 whitespace-normal break-words [.text-message+&amp;]:mt-5\" dir=\"auto\" data-message-author-role=\"assistant\" data-message-id=\"11cb5a94-fe0c-45f4-9a4a-1e85dcf22b4d\" data-message-model-slug=\"gpt-4o\">\n<div class=\"flex w-full flex-col gap-1 empty:hidden first:pt-[3px]\">\n<div class=\"markdown prose w-full break-words dark:prose-invert light\">\n<h2><strong>PUBLISHER \u2013 CONTACT<\/strong><\/h2>\n<\/div>\n<\/div>\n<\/div>\n<\/div>\n<p>The website <a href=\"http:\/\/www.heriose.com\" target=\"_new\" rel=\"noopener\">www.heriose.com<\/a>(the &#8220;Site&#8221;) is published by Maison Boinaud &#8211; Soci\u00e9t\u00e9 par Actions Simplifi\u00e9e with a share capital of \u20ac13,719,878.20, headquartered in ANGEAC-CHAMPAGNE (16) \u2013 FRANCE, registered with the RCS of Angoul\u00eame under number 907 120 216, represented by Mr. Charles BOINAUD in his capacity as President.<\/p>\n<div class=\"group\/conversation-turn relative flex w-full min-w-0 flex-col agent-turn\">\n<div class=\"flex-col gap-1 md:gap-3\">\n<div class=\"flex max-w-full flex-col flex-grow\">\n<div class=\"min-h-8 text-message flex w-full flex-col items-end gap-2 whitespace-normal break-words [.text-message+&amp;]:mt-5\" dir=\"auto\" data-message-author-role=\"assistant\" data-message-id=\"7ba7e357-a563-4b30-abc8-af2bcfac6757\" data-message-model-slug=\"gpt-4o\">\n<div class=\"flex w-full flex-col gap-1 empty:hidden first:pt-[3px]\">\n<div class=\"markdown prose w-full break-words dark:prose-invert light\">\n<p><strong>HOST<\/strong><\/p>\n<p>The Site is hosted by the company GANDI.<\/p>\n<p><strong>GENERAL TERMS OF USE OF THE SITE<\/strong><br \/>\nThe Site is published by Maison Boinaud S.A.S., a French company with a share capital of \u20ac13,719,878.20, headquartered at Angeac-Champagne \u2013 16130 \u2013 140 rue de la Bonne Chauffe &#8211; France, registered with the RCS of Angoul\u00eame under number 907 120 216 (hereinafter referred to as \u201cMaison Boinaud\u201d). The use of the Site by any person (\u201cthe User\u201d) is governed by these general terms of use (the \u201cGeneral Terms of Use\u201d). The General Terms of Use define the terms and conditions of access and use of the Site. By accessing the Site, you unreservedly accept the application of the General Terms of Use and the applicable clauses regarding personal data protection (see the Privacy Policy). Maison Boinaud may update the General Terms of Use and the Privacy Policy at any time. Users are encouraged to review them regularly. To access the Site, you must have reached the legal age for consuming and\/or purchasing alcohol according to the legislation in your country of residence (the highest applicable age being taken into account). If no legal age exists in your country of residence, you must be at least 21 years old to access the Site.<\/p>\n<\/div>\n<\/div>\n<\/div>\n<\/div>\n<\/div>\n<\/div>\n<p><strong>NAVIGATION ON THE SITE<\/strong><\/p>\n<p><strong>1.1 ACCESS TO THE SITE<\/strong><br \/>\nThe hardware and software required to access the Site are the responsibility of the User. Maison Boinaud reserves the right, at its sole discretion, to terminate access to all or part of the Site or its content without giving rise to any compensation for the benefit of the User. It is strictly prohibited to modify any software element of the Site with the intent to gain unauthorized access to the Site.<\/p>\n<p><strong>1.2 USER BEHAVIOR<\/strong><br \/>\nThe User of the Site guarantees:<\/p>\n<p>\u2013 They are of legal age to consume and\/or purchase alcohol according to the legislation in their country of residence;<br \/>\n\u2013 They will use the Site for lawful and personal purposes;<br \/>\n\u2013 If applicable, the information they provide is accurate and truthful.<\/p>\n<p>The User is strictly prohibited from making statements and\/or acting on behalf of and\/or in the name of Maison Boinaud, its subsidiaries, and affiliated companies for any reason whatsoever.<br \/>\nThe User must behave responsibly, lawfully, and respectfully towards other users of the Site, Maison Boinaud, its affiliated companies, and third parties.<\/p>\n<p>In particular, the User is prohibited from:<\/p>\n<p>\u2013 Uploading, posting, emailing, or transmitting any element containing software viruses or computer programs designed to interrupt, destroy, or limit the functionality of any software or telecommunication equipment;<br \/>\n\u2013 Disrupting or interrupting the operation of the Site;<br \/>\n\u2013 Undermining the operation of the Site, including by exposing it to a virus, overloading the bandwidth;<br \/>\n\u2013 Accessing information that is not intended for them;<br \/>\n\u2013 Engaging in illegal activities or any other activities that could harm the rights of Maison Boinaud, its suppliers, service providers, retailers, advertisers, or others;<br \/>\n\u2013 Uploading, posting, emailing, or transmitting any illegal, harmful, defamatory, offensive, racist, vulgar, obscene, threatening, violent, immoral content, infringing on privacy, or shocking, particularly from a racial or ethnic perspective;<br \/>\n\u2013 Emailing or transmitting any Site content to people who are not of legal age to consume alcohol in their country of residence.<\/p>\n<p>If necessary, Maison Boinaud reserves the right to terminate the User&#8217;s access to the Site at any time for non-compliance with the General Terms of Use and\/or any other supplementary document, without prejudice to Maison Boinaud&#8217;s right to claim damages.<\/p>\n<p><strong>1.3 USER-PUBLISHED CONTENT<\/strong><br \/>\nIf applicable, Site users are solely responsible for the content they post on the Site and the consequences of its distribution, publication, transfer, or availability. Maison Boinaud declines all responsibility for the content posted on the Site, within the limits of the applicable regulations. However, Maison Boinaud reserves the right to determine whether the content posted by users complies with the requirements specified in the General Terms of Use and may remove any content that violates these General Terms of Use.<br \/>\nThe User agrees that Maison Boinaud may freely use, without any restriction or limitation in time and free of charge, the content posted on the Site not only for its dissemination on the Site but also for its dissemination and reproduction on any other medium for the promotion and advertising of Maison Boinaud, its products, and\/or its services.<\/p>\n<p><strong>PROTECTION OF SITE CONTENT<\/strong><\/p>\n<p>The Site and each of its components (including but not limited to texts, photographs, illustrations, images, diagrams, texts, logos, trademarks, designs, and models), including the software elements necessary for the operation of the Site (the &#8220;Content&#8221;), may contain confidential information and data protected by Intellectual Property rights or any other applicable law. The Intellectual Property rights on the Content are the exclusive property of Maison Boinaud, which grants the User no license or other rights beyond the right to consult the Site.<\/p>\n<p><strong>PERSONAL DATA<\/strong><\/p>\n<p>Maison Boinaud ensures the protection of any personal data transmitted by the User of the Site. The Privacy Policy outlines the provisions in place to ensure the proper handling of data. The collection, processing, use, transmission, storage, and protection of the User\u2019s personal data are governed by the Privacy Policy.<\/p>\n<p><strong>LIABILITY<\/strong><\/p>\n<p>Maison Boinaud strives to ensure the accuracy and update of the information it provides on the Site. However, Maison Boinaud cannot guarantee the accuracy, precision, or completeness of the information made available to Users on the Site. Maison Boinaud provides access to the Site free of charge and declines all responsibility for any interruptions, the occurrence of computer viruses, display or download errors, inaccuracies in the Site\u2019s Content, damages resulting from fraudulent third-party intrusion, and more generally, for any direct or indirect damages, regardless of their causes or consequences, which may occur following access to the Site and resulting from any information from the Site.<\/p>\n<p><strong>APPLICABLE LAW AND JURISDICTION<\/strong><\/p>\n<p>The General Terms of Use and the Privacy Policy are governed by French law. Any dispute concerning the Content and use of the Site falls under the exclusive jurisdiction of the competent court of the Bordeaux Court of Appeal, including in cases of third-party claims, multiple defendants, summary proceedings, or injunctions.<\/p>\n<p><strong>COOKIES AND SITE NAVIGATION<\/strong><\/p>\n<p>Maison Boinaud&#8217;s web server automatically collects standard information such as the User\u2019s IP address, browser type, operating system, access times, etc. The site <a href=\"http:\/\/www.heriose.com\" target=\"_new\" rel=\"noopener\">www.heriose.com<\/a> does not use cookies to customize the Web page content. Cookies are small electronic files that a website can transfer to a user\u2019s hard drive to identify the user and personalize their use of the website. All information collected indirectly will only be used by Maison Boinaud to monitor the volume, type, and configuration of traffic using this site, to develop the design and layout of the website, and for other administrative and planning purposes.<\/p>\n<p><strong>COPYRIGHTS<\/strong><\/p>\n<p>Images: Maison Boinaud, Shutterstock, iStock<br \/>\nWebsite design, conception, and production: Symediane <a href=\"http:\/\/www.symediane.com\" target=\"_new\" rel=\"noopener\">www.symediane.com<\/a><br \/>\nWebsite back-end development: Symediane <a href=\"http:\/\/www.symediane.com\" target=\"_new\" rel=\"noopener\">www.symediane.com<\/a><br \/>\nWebsite front-end development: Symediane <a href=\"http:\/\/www.symediane.com\" target=\"_new\" rel=\"noopener\">www.symediane.com<\/a><\/p>\n","protected":false},"excerpt":{"rendered":"<p>PUBLISHER \u2013 CONTACT The website www.heriose.com(the &#8220;Site&#8221;) is published by Maison Boinaud &#8211; Soci\u00e9t\u00e9 par Actions Simplifi\u00e9e with a share capital of \u20ac13,719,878.20, headquartered in ANGEAC-CHAMPAGNE (16) \u2013 FRANCE, registered with the RCS of Angoul\u00eame under number 907 120 216, represented by Mr. Charles BOINAUD in his capacity as President. HOST The Site is hosted [&hellip;]<\/p>\n","protected":false},"author":1,"featured_media":0,"parent":0,"menu_order":23,"comment_status":"closed","ping_status":"closed","template":"","meta":{"_acf_changed":false,"inline_featured_image":false,"footnotes":""},"class_list":["post-962","page","type-page","status-publish","hentry"],"acf":[],"yoast_head":"<!-- This site is optimized with the Yoast SEO plugin v26.8 - https:\/\/yoast.com\/product\/yoast-seo-wordpress\/ -->\n<title>Legal notice - Heriose<\/title>\n<meta name=\"robots\" content=\"index, follow, max-snippet:-1, max-image-preview:large, max-video-preview:-1\" \/>\n<link rel=\"canonical\" href=\"https:\/\/heriose.com\/en\/mentions-legales\/\" \/>\n<meta property=\"og:locale\" content=\"en_GB\" \/>\n<meta property=\"og:type\" content=\"article\" \/>\n<meta property=\"og:title\" content=\"Legal notice - Heriose\" \/>\n<meta property=\"og:description\" content=\"PUBLISHER \u2013 CONTACT The website www.heriose.com(the &#8220;Site&#8221;) is published by Maison Boinaud &#8211; Soci\u00e9t\u00e9 par Actions Simplifi\u00e9e with a share capital of \u20ac13,719,878.20, headquartered in ANGEAC-CHAMPAGNE (16) \u2013 FRANCE, registered with the RCS of Angoul\u00eame under number 907 120 216, represented by Mr. Charles BOINAUD in his capacity as President. HOST The Site is hosted [&hellip;]\" \/>\n<meta property=\"og:url\" content=\"https:\/\/heriose.com\/en\/mentions-legales\/\" \/>\n<meta property=\"og:site_name\" content=\"Heriose\" \/>\n<meta property=\"article:modified_time\" content=\"2024-10-15T10:22:32+00:00\" \/>\n<meta name=\"twitter:card\" content=\"summary_large_image\" \/>\n<meta name=\"twitter:label1\" content=\"Estimated reading time\" \/>\n\t<meta name=\"twitter:data1\" content=\"7 minutes\" \/>\n<script type=\"application\/ld+json\" class=\"yoast-schema-graph\">{\"@context\":\"https:\/\/schema.org\",\"@graph\":[{\"@type\":\"WebPage\",\"@id\":\"https:\/\/heriose.com\/en\/mentions-legales\/\",\"url\":\"https:\/\/heriose.com\/en\/mentions-legales\/\",\"name\":\"Legal notice - Heriose\",\"isPartOf\":{\"@id\":\"https:\/\/heriose.com\/en\/#website\"},\"datePublished\":\"2024-06-14T13:15:20+00:00\",\"dateModified\":\"2024-10-15T10:22:32+00:00\",\"breadcrumb\":{\"@id\":\"https:\/\/heriose.com\/en\/mentions-legales\/#breadcrumb\"},\"inLanguage\":\"en-GB\",\"potentialAction\":[{\"@type\":\"ReadAction\",\"target\":[\"https:\/\/heriose.com\/en\/mentions-legales\/\"]}]},{\"@type\":\"BreadcrumbList\",\"@id\":\"https:\/\/heriose.com\/en\/mentions-legales\/#breadcrumb\",\"itemListElement\":[{\"@type\":\"ListItem\",\"position\":1,\"name\":\"Accueil\",\"item\":\"https:\/\/heriose.com\/en\/\"},{\"@type\":\"ListItem\",\"position\":2,\"name\":\"Legal notice\"}]},{\"@type\":\"WebSite\",\"@id\":\"https:\/\/heriose.com\/en\/#website\",\"url\":\"https:\/\/heriose.com\/en\/\",\"name\":\"Heriose\",\"description\":\"Single Malt Whisky\",\"potentialAction\":[{\"@type\":\"SearchAction\",\"target\":{\"@type\":\"EntryPoint\",\"urlTemplate\":\"https:\/\/heriose.com\/en\/?s={search_term_string}\"},\"query-input\":{\"@type\":\"PropertyValueSpecification\",\"valueRequired\":true,\"valueName\":\"search_term_string\"}}],\"inLanguage\":\"en-GB\"}]}<\/script>\n<!-- \/ Yoast SEO plugin. -->","yoast_head_json":{"title":"Legal notice - Heriose","robots":{"index":"index","follow":"follow","max-snippet":"max-snippet:-1","max-image-preview":"max-image-preview:large","max-video-preview":"max-video-preview:-1"},"canonical":"https:\/\/heriose.com\/en\/mentions-legales\/","og_locale":"en_GB","og_type":"article","og_title":"Legal notice - Heriose","og_description":"PUBLISHER \u2013 CONTACT The website www.heriose.com(the &#8220;Site&#8221;) is published by Maison Boinaud &#8211; Soci\u00e9t\u00e9 par Actions Simplifi\u00e9e with a share capital of \u20ac13,719,878.20, headquartered in ANGEAC-CHAMPAGNE (16) \u2013 FRANCE, registered with the RCS of Angoul\u00eame under number 907 120 216, represented by Mr. Charles BOINAUD in his capacity as President. HOST The Site is hosted [&hellip;]","og_url":"https:\/\/heriose.com\/en\/mentions-legales\/","og_site_name":"Heriose","article_modified_time":"2024-10-15T10:22:32+00:00","twitter_card":"summary_large_image","twitter_misc":{"Estimated reading time":"7 minutes"},"schema":{"@context":"https:\/\/schema.org","@graph":[{"@type":"WebPage","@id":"https:\/\/heriose.com\/en\/mentions-legales\/","url":"https:\/\/heriose.com\/en\/mentions-legales\/","name":"Legal notice - Heriose","isPartOf":{"@id":"https:\/\/heriose.com\/en\/#website"},"datePublished":"2024-06-14T13:15:20+00:00","dateModified":"2024-10-15T10:22:32+00:00","breadcrumb":{"@id":"https:\/\/heriose.com\/en\/mentions-legales\/#breadcrumb"},"inLanguage":"en-GB","potentialAction":[{"@type":"ReadAction","target":["https:\/\/heriose.com\/en\/mentions-legales\/"]}]},{"@type":"BreadcrumbList","@id":"https:\/\/heriose.com\/en\/mentions-legales\/#breadcrumb","itemListElement":[{"@type":"ListItem","position":1,"name":"Accueil","item":"https:\/\/heriose.com\/en\/"},{"@type":"ListItem","position":2,"name":"Legal notice"}]},{"@type":"WebSite","@id":"https:\/\/heriose.com\/en\/#website","url":"https:\/\/heriose.com\/en\/","name":"Heriose","description":"Single Malt Whisky","potentialAction":[{"@type":"SearchAction","target":{"@type":"EntryPoint","urlTemplate":"https:\/\/heriose.com\/en\/?s={search_term_string}"},"query-input":{"@type":"PropertyValueSpecification","valueRequired":true,"valueName":"search_term_string"}}],"inLanguage":"en-GB"}]}},"_links":{"self":[{"href":"https:\/\/heriose.com\/en\/wp-json\/wp\/v2\/pages\/962","targetHints":{"allow":["GET"]}}],"collection":[{"href":"https:\/\/heriose.com\/en\/wp-json\/wp\/v2\/pages"}],"about":[{"href":"https:\/\/heriose.com\/en\/wp-json\/wp\/v2\/types\/page"}],"author":[{"embeddable":true,"href":"https:\/\/heriose.com\/en\/wp-json\/wp\/v2\/users\/1"}],"replies":[{"embeddable":true,"href":"https:\/\/heriose.com\/en\/wp-json\/wp\/v2\/comments?post=962"}],"version-history":[{"count":4,"href":"https:\/\/heriose.com\/en\/wp-json\/wp\/v2\/pages\/962\/revisions"}],"predecessor-version":[{"id":966,"href":"https:\/\/heriose.com\/en\/wp-json\/wp\/v2\/pages\/962\/revisions\/966"}],"wp:attachment":[{"href":"https:\/\/heriose.com\/en\/wp-json\/wp\/v2\/media?parent=962"}],"curies":[{"name":"wp","href":"https:\/\/api.w.org\/{rel}","templated":true}]}}